{"id":9381,"date":"2026-05-04T10:52:44","date_gmt":"2026-05-04T10:52:44","guid":{"rendered":"https:\/\/suvaper.com\/?page_id=9381"},"modified":"2026-05-04T10:52:44","modified_gmt":"2026-05-04T10:52:44","slug":"age-policy","status":"publish","type":"page","link":"https:\/\/suvaper.com\/de\/age-policy\/","title":{"rendered":"Alterspolitik"},"content":{"rendered":"<h1 class=\"wp-block-heading\">Alters\u00fcberpr\u00fcfung - suvaper.com<\/h1>\n\n\n\n<h2 class=\"wp-block-heading\">Gesetzlich vorgeschriebenes Rauchalter<\/h2>\n\n\n\n<p id=\"p-rc_c5a59a4fd2603f7e-223\">Alle Kunden m\u00fcssen <strong>21 Jahre alt oder \u00e4lter<\/strong> zum Kauf von Produkten auf <strong>suvaper.com<\/strong>, Angleichung an das gesetzliche Rauchalter f\u00fcr E-Zigaretten und \u00e4hnliche Produkte<sup><\/sup>. Durch die Nutzung dieser Website best\u00e4tigen Sie, dass Sie die gesetzlichen Altersanforderungen in Ihrer Gerichtsbarkeit erf\u00fcllen<sup><\/sup>.<\/p>\n\n\n\n<h2 class=\"wp-block-heading\">Robustes Verfahren zur Altersverifizierung<\/h2>\n\n\n\n<p id=\"p-rc_c5a59a4fd2603f7e-224\">Um die gesetzlichen Anforderungen zu erf\u00fcllen und den Zugang von Minderj\u00e4hrigen zu verhindern, verwenden wir ein strenges Altersverifikationssystem<sup><\/sup>.<\/p>\n\n\n\n<ul class=\"wp-block-list\">\n<li><strong>Erforderliche Informationen:<\/strong> Die Kunden m\u00fcssen ihren Namen, ihre Adresse, ihr Geburtsdatum und die letzten vier Ziffern ihrer Sozialversicherungsnummer (SSN) angeben, um sie mit \u00f6ffentlichen Aufzeichnungen abzugleichen.<\/li>\n\n\n\n<li><strong>Alternative Identifizierung:<\/strong> Wenn das System Ihr Alter nicht \u00fcberpr\u00fcfen kann oder wenn Sie keine Angaben zur Sozialversicherungsnummer machen k\u00f6nnen, k\u00f6nnen wir eine Kopie eines <strong>staatlicher Ausweis<\/strong> um Ihr Alter manuell zu best\u00e4tigen.<\/li>\n<\/ul>\n\n\n\n<h2 class=\"wp-block-heading\">Bedeutung einer pr\u00e4zisen Darstellung<\/h2>\n\n\n\n<ul class=\"wp-block-list\">\n<li><strong>Nulltoleranz bei F\u00e4lschungen:<\/strong> Die F\u00e4lschung von Altersangaben zum Kauf von Nikotinprodukten ist ein Versto\u00df gegen unsere Richtlinie und illegal. Solche Handlungen k\u00f6nnen ernsthafte rechtliche Konsequenzen nach sich ziehen.<\/li>\n\n\n\n<li><strong>Verbot des Erwerbs von Vollmachten:<\/strong> Der Kauf von Vaping-Produkten f\u00fcr Minderj\u00e4hrige ist strengstens untersagt und kann strafrechtlich geahndet werden. Wir setzen alles daran, den unbefugten Zugang zu unseren Produkten zu verhindern.<\/li>\n<\/ul>\n\n\n\n<h2 class=\"wp-block-heading\">Recht auf Ablehnung des Dienstes<\/h2>\n\n\n\n<p id=\"p-rc_c5a59a4fd2603f7e-229\"><strong>Suvaper<\/strong> beh\u00e4lt sich das Recht vor, jede Bestellung zu stornieren oder abzulehnen, wenn<sup><\/sup>:<\/p>\n\n\n\n<ul class=\"wp-block-list\">\n<li>Die Alters\u00fcberpr\u00fcfung wurde nicht erfolgreich abgeschlossen.<\/li>\n\n\n\n<li>Eine ordnungsgem\u00e4\u00dfe Identifizierung wird nicht rechtzeitig vorgenommen.<\/li>\n\n\n\n<li>Wir vermuten, dass die Bestellung f\u00fcr einen Minderj\u00e4hrigen bestimmt ist.<\/li>\n<\/ul>\n\n\n\n<h2 class=\"wp-block-heading\">Engagement f\u00fcr die Jugendpr\u00e4vention<\/h2>\n\n\n\n<p id=\"p-rc_c5a59a4fd2603f7e-233\">Die Verhinderung von Verk\u00e4ufen an Minderj\u00e4hrige ist eine unserer h\u00f6chsten Priorit\u00e4ten<sup><\/sup>. Unser umfassendes Verifizierungsprotokoll spiegelt unsere Werte und unser Engagement f\u00fcr die Aufrechterhaltung einer sicheren, vertrauensw\u00fcrdigen und gesetzeskonformen Vaping-Community wider<sup><\/sup>.<\/p>\n\n\n\n<h2 class=\"wp-block-heading\">Dienstverweigerung &amp; Unterst\u00fctzung<\/h2>\n\n\n\n<p id=\"p-rc_c5a59a4fd2603f7e-234\">Als Online-Anbieter behalten wir uns das Recht vor, in bestimmten F\u00e4llen den Dienst zu verweigern, um die Einhaltung der gesetzlichen Bestimmungen zu gew\u00e4hrleisten.<sup><\/sup>. Wenn Sie der Meinung sind, dass Ihr Zugang zu Unrecht eingeschr\u00e4nkt wurde oder ein Fehler bei der Verifizierung aufgetreten ist, wenden Sie sich bitte an unser Kundendienstteam.<sup><\/sup>.<\/p>\n\n\n\n<hr class=\"wp-block-separator has-alpha-channel-opacity\"\/>\n\n\n\n<p><strong>Kontakt zu unserem Support-Team<\/strong><\/p>\n\n\n\n<p>Wenn Sie Fragen zu unserem Altersverifizierungsverfahren haben, wenden Sie sich bitte an uns:<\/p>\n\n\n\n<ul class=\"wp-block-list\">\n<li><strong>E-Mail:<\/strong> support@suvaper.com<\/li>\n\n\n\n<li><strong>Website:<\/strong> suvaper.com<\/li>\n<\/ul>\n\n\n\n<p id=\"p-rc_c5a59a4fd2603f7e-235\"><strong>WARNUNG:<\/strong> Unsere Produkte k\u00f6nnen Nikotin enthalten. Nikotin ist eine s\u00fcchtig machende Chemikalie. Sie m\u00fcssen das gesetzliche Rauchalter erreicht haben (21+ in den USA), um diese Website zu betreten und Produkte zu kaufen.<sup><\/sup>.<\/p>","protected":false},"excerpt":{"rendered":"<p>Age Verification \u2013 suvaper.com Legal Smoking Age Requirement All customers must be 21 years of age or older to purchase products on suvaper.com, aligning with the legal smoking age for e-cigarettes and related items. By using this site, you confirm that you meet the legal age requirements in your jurisdiction. Robust Age Verification Process To [&hellip;]<\/p>\n","protected":false},"author":1,"featured_media":0,"parent":0,"menu_order":0,"comment_status":"closed","ping_status":"closed","template":"","meta":{"footnotes":""},"class_list":["post-9381","page","type-page","status-publish","hentry"],"yoast_head":"<!-- This site is optimized with the Yoast SEO plugin v27.3 - https:\/\/yoast.com\/product\/yoast-seo-wordpress\/ -->\n<title>Age Policy - suvaper<\/title>\n<meta name=\"robots\" content=\"index, follow, max-snippet:-1, max-image-preview:large, max-video-preview:-1\" \/>\n<link rel=\"canonical\" href=\"https:\/\/suvaper.com\/de\/age-policy\/\" \/>\n<meta property=\"og:locale\" content=\"de_DE\" \/>\n<meta property=\"og:type\" content=\"article\" \/>\n<meta property=\"og:title\" content=\"Age Policy - suvaper\" \/>\n<meta property=\"og:description\" content=\"Age Verification \u2013 suvaper.com Legal Smoking Age Requirement All customers must be 21 years of age or older to purchase products on suvaper.com, aligning with the legal smoking age for e-cigarettes and related items. By using this site, you confirm that you meet the legal age requirements in your jurisdiction. Robust Age Verification Process To [&hellip;]\" \/>\n<meta property=\"og:url\" content=\"https:\/\/suvaper.com\/de\/age-policy\/\" \/>\n<meta property=\"og:site_name\" content=\"suvaper\" \/>\n<meta name=\"twitter:card\" content=\"summary_large_image\" \/>\n<meta name=\"twitter:label1\" content=\"Est. reading time\" \/>\n\t<meta name=\"twitter:data1\" content=\"2\u00a0Minuten\" \/>\n<script type=\"application\/ld+json\" class=\"yoast-schema-graph\">{\"@context\":\"https:\\\/\\\/schema.org\",\"@graph\":[{\"@type\":\"WebPage\",\"@id\":\"https:\\\/\\\/suvaper.com\\\/age-policy\\\/\",\"url\":\"https:\\\/\\\/suvaper.com\\\/age-policy\\\/\",\"name\":\"Age Policy - suvaper\",\"isPartOf\":{\"@id\":\"https:\\\/\\\/suvaper.com\\\/#website\"},\"datePublished\":\"2026-05-04T10:52:44+00:00\",\"breadcrumb\":{\"@id\":\"https:\\\/\\\/suvaper.com\\\/age-policy\\\/#breadcrumb\"},\"inLanguage\":\"de\",\"potentialAction\":[{\"@type\":\"ReadAction\",\"target\":[\"https:\\\/\\\/suvaper.com\\\/age-policy\\\/\"]}]},{\"@type\":\"BreadcrumbList\",\"@id\":\"https:\\\/\\\/suvaper.com\\\/age-policy\\\/#breadcrumb\",\"itemListElement\":[{\"@type\":\"ListItem\",\"position\":1,\"name\":\"Home\",\"item\":\"https:\\\/\\\/suvaper.com\\\/\"},{\"@type\":\"ListItem\",\"position\":2,\"name\":\"Age Policy\"}]},{\"@type\":\"WebSite\",\"@id\":\"https:\\\/\\\/suvaper.com\\\/#website\",\"url\":\"https:\\\/\\\/suvaper.com\\\/\",\"name\":\"suvaper\",\"description\":\"\",\"publisher\":{\"@id\":\"https:\\\/\\\/suvaper.com\\\/#organization\"},\"potentialAction\":[{\"@type\":\"SearchAction\",\"target\":{\"@type\":\"EntryPoint\",\"urlTemplate\":\"https:\\\/\\\/suvaper.com\\\/?s={search_term_string}\"},\"query-input\":{\"@type\":\"PropertyValueSpecification\",\"valueRequired\":true,\"valueName\":\"search_term_string\"}}],\"inLanguage\":\"de\"},{\"@type\":\"Organization\",\"@id\":\"https:\\\/\\\/suvaper.com\\\/#organization\",\"name\":\"suvaper\",\"url\":\"https:\\\/\\\/suvaper.com\\\/\",\"logo\":{\"@type\":\"ImageObject\",\"inLanguage\":\"de\",\"@id\":\"https:\\\/\\\/suvaper.com\\\/#\\\/schema\\\/logo\\\/image\\\/\",\"url\":\"https:\\\/\\\/suvaper.com\\\/wp-content\\\/uploads\\\/2026\\\/04\\\/cropped-logo-2.webp\",\"contentUrl\":\"https:\\\/\\\/suvaper.com\\\/wp-content\\\/uploads\\\/2026\\\/04\\\/cropped-logo-2.webp\",\"width\":500,\"height\":67,\"caption\":\"suvaper\"},\"image\":{\"@id\":\"https:\\\/\\\/suvaper.com\\\/#\\\/schema\\\/logo\\\/image\\\/\"}}]}<\/script>\n<!-- \/ Yoast SEO plugin. -->","yoast_head_json":{"title":"Alterspolitik - suvaper","robots":{"index":"index","follow":"follow","max-snippet":"max-snippet:-1","max-image-preview":"max-image-preview:large","max-video-preview":"max-video-preview:-1"},"canonical":"https:\/\/suvaper.com\/de\/age-policy\/","og_locale":"de_DE","og_type":"article","og_title":"Age Policy - suvaper","og_description":"Age Verification \u2013 suvaper.com Legal Smoking Age Requirement All customers must be 21 years of age or older to purchase products on suvaper.com, aligning with the legal smoking age for e-cigarettes and related items. By using this site, you confirm that you meet the legal age requirements in your jurisdiction. Robust Age Verification Process To [&hellip;]","og_url":"https:\/\/suvaper.com\/de\/age-policy\/","og_site_name":"suvaper","twitter_card":"summary_large_image","twitter_misc":{"Est. reading time":"2\u00a0Minuten"},"schema":{"@context":"https:\/\/schema.org","@graph":[{"@type":"WebPage","@id":"https:\/\/suvaper.com\/age-policy\/","url":"https:\/\/suvaper.com\/age-policy\/","name":"Alterspolitik - suvaper","isPartOf":{"@id":"https:\/\/suvaper.com\/#website"},"datePublished":"2026-05-04T10:52:44+00:00","breadcrumb":{"@id":"https:\/\/suvaper.com\/age-policy\/#breadcrumb"},"inLanguage":"de","potentialAction":[{"@type":"ReadAction","target":["https:\/\/suvaper.com\/age-policy\/"]}]},{"@type":"BreadcrumbList","@id":"https:\/\/suvaper.com\/age-policy\/#breadcrumb","itemListElement":[{"@type":"ListItem","position":1,"name":"Home","item":"https:\/\/suvaper.com\/"},{"@type":"ListItem","position":2,"name":"Age Policy"}]},{"@type":"WebSite","@id":"https:\/\/suvaper.com\/#website","url":"https:\/\/suvaper.com\/","name":"suvaper","description":"","publisher":{"@id":"https:\/\/suvaper.com\/#organization"},"potentialAction":[{"@type":"SearchAction","target":{"@type":"EntryPoint","urlTemplate":"https:\/\/suvaper.com\/?s={search_term_string}"},"query-input":{"@type":"PropertyValueSpecification","valueRequired":true,"valueName":"search_term_string"}}],"inLanguage":"de"},{"@type":"Organization","@id":"https:\/\/suvaper.com\/#organization","name":"suvaper","url":"https:\/\/suvaper.com\/","logo":{"@type":"ImageObject","inLanguage":"de","@id":"https:\/\/suvaper.com\/#\/schema\/logo\/image\/","url":"https:\/\/suvaper.com\/wp-content\/uploads\/2026\/04\/cropped-logo-2.webp","contentUrl":"https:\/\/suvaper.com\/wp-content\/uploads\/2026\/04\/cropped-logo-2.webp","width":500,"height":67,"caption":"suvaper"},"image":{"@id":"https:\/\/suvaper.com\/#\/schema\/logo\/image\/"}}]}},"_links":{"self":[{"href":"https:\/\/suvaper.com\/de\/wp-json\/wp\/v2\/pages\/9381","targetHints":{"allow":["GET"]}}],"collection":[{"href":"https:\/\/suvaper.com\/de\/wp-json\/wp\/v2\/pages"}],"about":[{"href":"https:\/\/suvaper.com\/de\/wp-json\/wp\/v2\/types\/page"}],"author":[{"embeddable":true,"href":"https:\/\/suvaper.com\/de\/wp-json\/wp\/v2\/users\/1"}],"replies":[{"embeddable":true,"href":"https:\/\/suvaper.com\/de\/wp-json\/wp\/v2\/comments?post=9381"}],"version-history":[{"count":1,"href":"https:\/\/suvaper.com\/de\/wp-json\/wp\/v2\/pages\/9381\/revisions"}],"predecessor-version":[{"id":9382,"href":"https:\/\/suvaper.com\/de\/wp-json\/wp\/v2\/pages\/9381\/revisions\/9382"}],"wp:attachment":[{"href":"https:\/\/suvaper.com\/de\/wp-json\/wp\/v2\/media?parent=9381"}],"curies":[{"name":"wp","href":"https:\/\/api.w.org\/{rel}","templated":true}]}}