{"id":9373,"date":"2026-05-04T09:44:10","date_gmt":"2026-05-04T09:44:10","guid":{"rendered":"https:\/\/suvaper.com\/?page_id=9373"},"modified":"2026-05-04T09:44:11","modified_gmt":"2026-05-04T09:44:11","slug":"shipping-policy","status":"publish","type":"page","link":"https:\/\/suvaper.com\/de\/shipping-policy\/","title":{"rendered":"Versandpolitik"},"content":{"rendered":"<h1 class=\"wp-block-heading\">Versandbedingungen - suvaper.com<\/h1>\n\n\n\n<h2 class=\"wp-block-heading\">1. Auftragsabwicklung &amp; Versandzeit<\/h2>\n\n\n\n<ul class=\"wp-block-list\">\n<li><strong>Bearbeitungszeit:<\/strong> Alle Bestellungen werden innerhalb von zwei Wochen bearbeitet und versandt. <strong>3-4 Arbeitstage<\/strong> nach Zahlungsbest\u00e4tigung.<\/li>\n\n\n\n<li><strong>Versandfenster:<\/strong> Die Standardversandzeiten liegen in der Regel zwischen <strong>7-11 Arbeitstage<\/strong> f\u00fcr die meisten Reiseziele.<\/li>\n\n\n\n<li><strong>Wochenendpolitik:<\/strong> Bitte beachten Sie, dass wir an Wochenenden keine Bestellungen bearbeiten oder versenden.<\/li>\n<\/ul>\n\n\n\n<h2 class=\"wp-block-heading\">2. Auftragsverfolgung<\/h2>\n\n\n\n<ul class=\"wp-block-list\">\n<li><strong>Benachrichtigung:<\/strong> Sobald Ihre Bestellung versandt wurde, senden wir Ihnen die Informationen zur Sendungsverfolgung an Ihre registrierte E-Mail-Adresse.<\/li>\n\n\n\n<li><strong>Tracking Link:<\/strong> Sie k\u00f6nnen Ihre Sendung verfolgen \u00fcber <strong><a href=\"https:\/\/www.17track.net\/en\" target=\"_blank\" rel=\"noreferrer noopener\">17Spur<\/a><\/strong>.<\/li>\n\n\n\n<li><strong>Verz\u00f6gerung aktualisieren:<\/strong> Bitte erlauben Sie <strong>4-5 Tage<\/strong> nach dem Versand, damit der Status der Sendungsverfolgung auf der Website aktualisiert werden kann.<\/li>\n<\/ul>\n\n\n\n<h2 class=\"wp-block-heading\">3. Stornierungen und Adress\u00e4nderungen<\/h2>\n\n\n\n<ul class=\"wp-block-list\">\n<li><strong>Vor der Auslieferung:<\/strong> Sie haben die M\u00f6glichkeit, Ihre Bestellung zu stornieren oder die Lieferadresse zu \u00e4ndern, bevor die Produkte versandt werden.<\/li>\n\n\n\n<li><strong>Nach dem Versand:<\/strong> Sobald die Bestellung versandt wurde, sind wir <strong>unf\u00e4hig<\/strong> um Erstattungen zu bearbeiten oder die Lieferadresse zu \u00e4ndern.<\/li>\n<\/ul>\n\n\n\n<h2 class=\"wp-block-heading\">4. DHL (Delivered Duty Paid) Service<\/h2>\n\n\n\n<p id=\"p-rc_a12ccb78af2d06f2-56\">Wir bieten <strong>DHL (Zustellung verzollt)<\/strong> Versandmethoden f\u00fcr die folgenden Regionen. Das bedeutet, dass Suvaper die gesamte Zollabfertigung \u00fcbernimmt, und es gibt <strong>keine zus\u00e4tzlichen Z\u00f6lle oder Steuern<\/strong> f\u00fcr den Kunden bei seiner Ankunft:<\/p>\n\n\n\n<ul class=\"wp-block-list\">\n<li><strong>USA:<\/strong> UPS Express (au\u00dfer Alaska und Hawaii).<\/li>\n\n\n\n<li><strong>UK:<\/strong> Lokale Royal Mail.<\/li>\n\n\n\n<li><strong>Europa:<\/strong> UPS Express \/ DPD Express \/ DHL Express.\n<ul class=\"wp-block-list\">\n<li><em>Unterst\u00fctzte L\u00e4nder:<\/em> Deutschland, Belgien, Luxemburg, Niederlande, Tschechische Republik, Polen, Kroatien, Slowakei, Slowenien, Finnland, D\u00e4nemark, Schweden, \u00d6sterreich, Frankreich, Italien, Ungarn, Bulgarien, Litauen, Estland, Lettland, Griechenland, Irland, Portugal, Spanien.<\/li>\n<\/ul>\n<\/li>\n<\/ul>\n\n\n\n<h2 class=\"wp-block-heading\">5. Spezifische Versandzeiten nach Land<\/h2>\n\n\n\n<figure class=\"wp-block-table\"><table class=\"has-fixed-layout\"><thead><tr><td><strong>Land<\/strong><\/td><td><strong>Versandart<\/strong><\/td><td><strong>Gesch\u00e4tzte Lieferfrist<\/strong><\/td><\/tr><\/thead><tbody><tr><td><strong>USA<\/strong><\/td><td>Lokaler UPS Boden<\/td><td>10 - 15 Tage<\/td><\/tr><tr><td><strong>UK<\/strong><\/td><td>Lokale Royal Mail<\/td><td>7 - 12 Tage<\/td><\/tr><tr><td><strong>Europa (die meisten L\u00e4nder)<\/strong><\/td><td>UPS\/DPD\/DHL<\/td><td>8 - 13 Tage<\/td><\/tr><tr><td><strong>UAE (Dubai)<\/strong><\/td><td>Dubai Dedicated Line<\/td><td>12 - 18 Tage<\/td><\/tr><tr><td><strong>Japan<\/strong><\/td><td>Vietnam Standleitung<\/td><td>6 - 8 Tage<\/td><\/tr><\/tbody><\/table><\/figure>\n\n\n\n<p id=\"p-rc_a12ccb78af2d06f2-61\">(Anmerkung: Zu den europ\u00e4ischen L\u00e4ndern geh\u00f6ren Deutschland, Frankreich, Belgien, Luxemburg, Niederlande, Tschechische Republik, Polen, Kroatien, Slowakei, Slowenien, Finnland, D\u00e4nemark, Schweden, \u00d6sterreich, Italien, Ungarn, Litauen, Estland, Lettland, Griechenland, Irland, Portugal und Spanien.<sup><\/sup>.)<\/p>\n\n\n\n<h2 class=\"wp-block-heading\">6. Wichtige Hinweise<\/h2>\n\n\n\n<ul class=\"wp-block-list\">\n<li><strong>Alters\u00fcberpr\u00fcfung:<\/strong> Um bei suvaper.com einzukaufen, m\u00fcssen Sie in Ihrem Land das gesetzliche Mindestalter f\u00fcr das Rauchen erreicht haben.<\/li>\n\n\n\n<li><strong>Zoll-Risiken:<\/strong> W\u00e4hrend wir DHL f\u00fcr viele Regionen anbieten, sind Kunden in Regionen, die nicht von DHL beliefert werden, selbst daf\u00fcr verantwortlich, die \u00f6rtlichen Gesetze und m\u00f6glichen Zollgeb\u00fchren zu kennen.<\/li>\n<\/ul>\n\n\n\n<hr class=\"wp-block-separator has-alpha-channel-opacity\"\/>\n\n\n\n<p><strong>Kontakt<\/strong><\/p>\n\n\n\n<p>Wenn Sie Fragen zu Ihrer Sendung haben, wenden Sie sich bitte an uns:<\/p>\n\n\n\n<p><strong>E-Mail:<\/strong> support@suvaper.com<\/p>\n\n\n\n<p><strong>Website:<\/strong> suvaper.com<\/p>","protected":false},"excerpt":{"rendered":"<p>Shipping Policy \u2013 suvaper.com 1. Order Processing &#038; Shipping Time 2. Order Tracking 3. Cancellations &#038; Address Changes 4. DHL (Delivered Duty Paid) Service We offer DHL (Delivered Duty Paid) shipping methods for the following regions. This means Suvaper handles all customs clearance, and there are no additional duties or taxes for the customer upon [&hellip;]<\/p>\n","protected":false},"author":1,"featured_media":0,"parent":0,"menu_order":0,"comment_status":"closed","ping_status":"closed","template":"","meta":{"footnotes":""},"class_list":["post-9373","page","type-page","status-publish","hentry"],"yoast_head":"<!-- This site is optimized with the Yoast SEO plugin v27.3 - https:\/\/yoast.com\/product\/yoast-seo-wordpress\/ -->\n<title>Shipping Policy - suvaper<\/title>\n<meta name=\"robots\" content=\"index, follow, max-snippet:-1, max-image-preview:large, max-video-preview:-1\" \/>\n<link rel=\"canonical\" href=\"https:\/\/suvaper.com\/de\/shipping-policy\/\" \/>\n<meta property=\"og:locale\" content=\"de_DE\" \/>\n<meta property=\"og:type\" content=\"article\" \/>\n<meta property=\"og:title\" content=\"Shipping Policy - suvaper\" \/>\n<meta property=\"og:description\" content=\"Shipping Policy \u2013 suvaper.com 1. Order Processing &amp; Shipping Time 2. Order Tracking 3. Cancellations &amp; Address Changes 4. DHL (Delivered Duty Paid) Service We offer DHL (Delivered Duty Paid) shipping methods for the following regions. This means Suvaper handles all customs clearance, and there are no additional duties or taxes for the customer upon [&hellip;]\" \/>\n<meta property=\"og:url\" content=\"https:\/\/suvaper.com\/de\/shipping-policy\/\" \/>\n<meta property=\"og:site_name\" content=\"suvaper\" \/>\n<meta property=\"article:modified_time\" content=\"2026-05-04T09:44:11+00:00\" \/>\n<meta name=\"twitter:card\" content=\"summary_large_image\" \/>\n<meta name=\"twitter:label1\" content=\"Est. reading time\" \/>\n\t<meta name=\"twitter:data1\" content=\"2\u00a0Minuten\" \/>\n<script type=\"application\/ld+json\" class=\"yoast-schema-graph\">{\"@context\":\"https:\\\/\\\/schema.org\",\"@graph\":[{\"@type\":\"WebPage\",\"@id\":\"https:\\\/\\\/suvaper.com\\\/shipping-policy\\\/\",\"url\":\"https:\\\/\\\/suvaper.com\\\/shipping-policy\\\/\",\"name\":\"Shipping Policy - suvaper\",\"isPartOf\":{\"@id\":\"https:\\\/\\\/suvaper.com\\\/#website\"},\"datePublished\":\"2026-05-04T09:44:10+00:00\",\"dateModified\":\"2026-05-04T09:44:11+00:00\",\"breadcrumb\":{\"@id\":\"https:\\\/\\\/suvaper.com\\\/shipping-policy\\\/#breadcrumb\"},\"inLanguage\":\"de\",\"potentialAction\":[{\"@type\":\"ReadAction\",\"target\":[\"https:\\\/\\\/suvaper.com\\\/shipping-policy\\\/\"]}]},{\"@type\":\"BreadcrumbList\",\"@id\":\"https:\\\/\\\/suvaper.com\\\/shipping-policy\\\/#breadcrumb\",\"itemListElement\":[{\"@type\":\"ListItem\",\"position\":1,\"name\":\"Home\",\"item\":\"https:\\\/\\\/suvaper.com\\\/\"},{\"@type\":\"ListItem\",\"position\":2,\"name\":\"Shipping Policy\"}]},{\"@type\":\"WebSite\",\"@id\":\"https:\\\/\\\/suvaper.com\\\/#website\",\"url\":\"https:\\\/\\\/suvaper.com\\\/\",\"name\":\"suvaper\",\"description\":\"\",\"publisher\":{\"@id\":\"https:\\\/\\\/suvaper.com\\\/#organization\"},\"potentialAction\":[{\"@type\":\"SearchAction\",\"target\":{\"@type\":\"EntryPoint\",\"urlTemplate\":\"https:\\\/\\\/suvaper.com\\\/?s={search_term_string}\"},\"query-input\":{\"@type\":\"PropertyValueSpecification\",\"valueRequired\":true,\"valueName\":\"search_term_string\"}}],\"inLanguage\":\"de\"},{\"@type\":\"Organization\",\"@id\":\"https:\\\/\\\/suvaper.com\\\/#organization\",\"name\":\"suvaper\",\"url\":\"https:\\\/\\\/suvaper.com\\\/\",\"logo\":{\"@type\":\"ImageObject\",\"inLanguage\":\"de\",\"@id\":\"https:\\\/\\\/suvaper.com\\\/#\\\/schema\\\/logo\\\/image\\\/\",\"url\":\"https:\\\/\\\/suvaper.com\\\/wp-content\\\/uploads\\\/2026\\\/04\\\/cropped-logo-2.webp\",\"contentUrl\":\"https:\\\/\\\/suvaper.com\\\/wp-content\\\/uploads\\\/2026\\\/04\\\/cropped-logo-2.webp\",\"width\":500,\"height\":67,\"caption\":\"suvaper\"},\"image\":{\"@id\":\"https:\\\/\\\/suvaper.com\\\/#\\\/schema\\\/logo\\\/image\\\/\"}}]}<\/script>\n<!-- \/ Yoast SEO plugin. -->","yoast_head_json":{"title":"Versandpolitik - suvaper","robots":{"index":"index","follow":"follow","max-snippet":"max-snippet:-1","max-image-preview":"max-image-preview:large","max-video-preview":"max-video-preview:-1"},"canonical":"https:\/\/suvaper.com\/de\/shipping-policy\/","og_locale":"de_DE","og_type":"article","og_title":"Shipping Policy - suvaper","og_description":"Shipping Policy \u2013 suvaper.com 1. Order Processing & Shipping Time 2. Order Tracking 3. Cancellations & Address Changes 4. DHL (Delivered Duty Paid) Service We offer DHL (Delivered Duty Paid) shipping methods for the following regions. This means Suvaper handles all customs clearance, and there are no additional duties or taxes for the customer upon [&hellip;]","og_url":"https:\/\/suvaper.com\/de\/shipping-policy\/","og_site_name":"suvaper","article_modified_time":"2026-05-04T09:44:11+00:00","twitter_card":"summary_large_image","twitter_misc":{"Est. reading time":"2\u00a0Minuten"},"schema":{"@context":"https:\/\/schema.org","@graph":[{"@type":"WebPage","@id":"https:\/\/suvaper.com\/shipping-policy\/","url":"https:\/\/suvaper.com\/shipping-policy\/","name":"Versandpolitik - suvaper","isPartOf":{"@id":"https:\/\/suvaper.com\/#website"},"datePublished":"2026-05-04T09:44:10+00:00","dateModified":"2026-05-04T09:44:11+00:00","breadcrumb":{"@id":"https:\/\/suvaper.com\/shipping-policy\/#breadcrumb"},"inLanguage":"de","potentialAction":[{"@type":"ReadAction","target":["https:\/\/suvaper.com\/shipping-policy\/"]}]},{"@type":"BreadcrumbList","@id":"https:\/\/suvaper.com\/shipping-policy\/#breadcrumb","itemListElement":[{"@type":"ListItem","position":1,"name":"Home","item":"https:\/\/suvaper.com\/"},{"@type":"ListItem","position":2,"name":"Shipping Policy"}]},{"@type":"WebSite","@id":"https:\/\/suvaper.com\/#website","url":"https:\/\/suvaper.com\/","name":"suvaper","description":"","publisher":{"@id":"https:\/\/suvaper.com\/#organization"},"potentialAction":[{"@type":"SearchAction","target":{"@type":"EntryPoint","urlTemplate":"https:\/\/suvaper.com\/?s={search_term_string}"},"query-input":{"@type":"PropertyValueSpecification","valueRequired":true,"valueName":"search_term_string"}}],"inLanguage":"de"},{"@type":"Organization","@id":"https:\/\/suvaper.com\/#organization","name":"suvaper","url":"https:\/\/suvaper.com\/","logo":{"@type":"ImageObject","inLanguage":"de","@id":"https:\/\/suvaper.com\/#\/schema\/logo\/image\/","url":"https:\/\/suvaper.com\/wp-content\/uploads\/2026\/04\/cropped-logo-2.webp","contentUrl":"https:\/\/suvaper.com\/wp-content\/uploads\/2026\/04\/cropped-logo-2.webp","width":500,"height":67,"caption":"suvaper"},"image":{"@id":"https:\/\/suvaper.com\/#\/schema\/logo\/image\/"}}]}},"_links":{"self":[{"href":"https:\/\/suvaper.com\/de\/wp-json\/wp\/v2\/pages\/9373","targetHints":{"allow":["GET"]}}],"collection":[{"href":"https:\/\/suvaper.com\/de\/wp-json\/wp\/v2\/pages"}],"about":[{"href":"https:\/\/suvaper.com\/de\/wp-json\/wp\/v2\/types\/page"}],"author":[{"embeddable":true,"href":"https:\/\/suvaper.com\/de\/wp-json\/wp\/v2\/users\/1"}],"replies":[{"embeddable":true,"href":"https:\/\/suvaper.com\/de\/wp-json\/wp\/v2\/comments?post=9373"}],"version-history":[{"count":1,"href":"https:\/\/suvaper.com\/de\/wp-json\/wp\/v2\/pages\/9373\/revisions"}],"predecessor-version":[{"id":9374,"href":"https:\/\/suvaper.com\/de\/wp-json\/wp\/v2\/pages\/9373\/revisions\/9374"}],"wp:attachment":[{"href":"https:\/\/suvaper.com\/de\/wp-json\/wp\/v2\/media?parent=9373"}],"curies":[{"name":"wp","href":"https:\/\/api.w.org\/{rel}","templated":true}]}}